{"id":4593,"date":"2021-04-10T13:54:41","date_gmt":"2021-04-10T11:54:41","guid":{"rendered":"https:\/\/tsvrethen-tennis.de\/wp\/?page_id=4593"},"modified":"2024-02-16T22:59:44","modified_gmt":"2024-02-16T21:59:44","slug":"platzpflege","status":"publish","type":"page","link":"https:\/\/tsvrethen-tennis.de\/wp\/platzpflege\/","title":{"rendered":"Platzpflege"},"content":{"rendered":"\n<p><strong>Pflege der Tennispl\u00e4tze w\u00e4hrend der Sommersaison<\/strong><\/p>\n\n\n\n<p>Liebe Mitglieder,<\/p>\n\n\n\n<p><br>damit Pl\u00e4tze immer bespielbar bleiben, sind einige Regeln zwingend zu beachten:<\/p>\n\n\n\n<p>Gerade am Anfang haben die Pl\u00e4tze noch nicht die erforderliche Festigkeit und wir empfinden sie als relativ weich. Grunds\u00e4tzlich bestehen Tennispl\u00e4tze aus Sand und Wasser. Die Mischung aus beidem sowie Sonneneinwirkung sorgt letztendlich f\u00fcr die Festigkeit. Das hei\u00dft: Die Pl\u00e4tze sollten grunds\u00e4tzlich eine tiefrote Farbe haben. Beim Bew\u00e4ssern bitte darauf achten, dass die Pl\u00e4tze bis zu den Z\u00e4unen nass gemacht werden. Zu kurzes W\u00e4ssern f\u00fchrt dazu, dass nach wenigen Minuten der Platz \u201estaubt\u201c. Bei sehr trockenem Wetter kann es erforderlich sein, dass zwischendurch nachgew\u00e4ssert werden muss.<br><br><strong>Vor dem Spiel<\/strong> bitte Bl\u00e4tter, \u00c4ste usw. entfernen, damit keine Vermischung mit dem Belag entstehen kann und so die Festigkeit nicht erreicht wird.<\/p>\n\n\n\n<p><strong>Nach dem Spiel<\/strong> m\u00fcssen Unebenheiten und L\u00f6cher beseitigt werden. Das geschieht am besten mit dem Schaber, wobei beim Benutzen des Schabers darauf zu achten ist, dass nur das lose Material in die L\u00f6cher geschoben wird. Keinesfalls darf die feste Deckschicht abgekratzt werden. (gro\u00dfe L\u00f6cher auch w\u00e4hrend des Spiels mit dem Fu\u00df egalisieren und festtreten)<br>Nach dem Egalisieren den Platz bis zu den Z\u00e4unen wie auf dem Bild ersichtlich abziehen (nur so wird dabei loses Ziegelmehl wieder zur Platzmitte gebracht)und die Linien s\u00e4ubern. Danach ausgiebig w\u00e4ssern.<\/p>\n\n\n\n<figure class=\"wp-block-image\"><img decoding=\"async\" src=\"https:\/\/apis.mail.aol.com\/ws\/v3\/mailboxes\/@.id==VjN-lwydhV3YaqA51IozWtlaPlJJx4xEQx_673m5pCwYNUsohZX2wGZSCuuD56rdn0WfAGt8i-JIvRM460VJp2jA-Q\/messages\/@.id==AOI8SQET33VQYHDI4QPv0PoBHMw\/content\/parts\/@.id==2\/thumbnail?appid=aolwebmail&amp;downloadWhenThumbnailFails=true&amp;pid=2\" alt=\"\"\/><\/figure>\n\n\n\n<p>F\u00fcr eine annschaulichere Anleitung zur Platzpflege k\u00f6nnt ihr euch <a href=\"https:\/\/youtu.be\/5yjZVguyQ88\">dieses Video<\/a> anschauen.<\/p>\n\n\n\n<p><strong>Wenn wir alle die Tipps beherzigen, k\u00f6nnen wir sicher sein, perfekte Pl\u00e4tze zu erhalten.<\/strong><\/p>\n\n\n\n<p>In dringenden F\u00e4llen meldet Euch bitte bei unserem NEUEN Platzwart Robert Toak unter +49 163 1350075<\/p>\n","protected":false},"excerpt":{"rendered":"<p>Pflege der Tennispl\u00e4tze w\u00e4hrend der Sommersaison Liebe Mitglieder, damit Pl\u00e4tze immer bespielbar bleiben, sind einige Regeln zwingend zu beachten: Gerade am Anfang haben die Pl\u00e4tze noch nicht die erforderliche Festigkeit [&hellip;]<\/p>\n","protected":false},"author":1,"featured_media":0,"parent":0,"menu_order":0,"comment_status":"closed","ping_status":"closed","template":"","meta":{"_monsterinsights_skip_tracking":false,"_monsterinsights_sitenote_active":false,"_monsterinsights_sitenote_note":"","_monsterinsights_sitenote_category":0,"footnotes":""},"class_list":["post-4593","page","type-page","status-publish","hentry"],"aioseo_notices":[],"_links":{"self":[{"href":"https:\/\/tsvrethen-tennis.de\/wp\/wp-json\/wp\/v2\/pages\/4593","targetHints":{"allow":["GET"]}}],"collection":[{"href":"https:\/\/tsvrethen-tennis.de\/wp\/wp-json\/wp\/v2\/pages"}],"about":[{"href":"https:\/\/tsvrethen-tennis.de\/wp\/wp-json\/wp\/v2\/types\/page"}],"author":[{"embeddable":true,"href":"https:\/\/tsvrethen-tennis.de\/wp\/wp-json\/wp\/v2\/users\/1"}],"replies":[{"embeddable":true,"href":"https:\/\/tsvrethen-tennis.de\/wp\/wp-json\/wp\/v2\/comments?post=4593"}],"version-history":[{"count":4,"href":"https:\/\/tsvrethen-tennis.de\/wp\/wp-json\/wp\/v2\/pages\/4593\/revisions"}],"predecessor-version":[{"id":5049,"href":"https:\/\/tsvrethen-tennis.de\/wp\/wp-json\/wp\/v2\/pages\/4593\/revisions\/5049"}],"wp:attachment":[{"href":"https:\/\/tsvrethen-tennis.de\/wp\/wp-json\/wp\/v2\/media?parent=4593"}],"curies":[{"name":"wp","href":"https:\/\/api.w.org\/{rel}","templated":true}]}}